{"id":6098,"date":"2021-11-26T14:57:28","date_gmt":"2021-11-26T12:57:28","guid":{"rendered":"https:\/\/kronpriserna.fi\/koti-2\/"},"modified":"2024-08-22T18:41:45","modified_gmt":"2024-08-22T16:41:45","slug":"koti","status":"publish","type":"page","link":"https:\/\/kronpriserna.fi\/fi\/","title":{"rendered":"Koti"},"content":{"rendered":"\t\t<div data-elementor-type=\"wp-page\" data-elementor-id=\"6098\" class=\"elementor elementor-6098 elementor-5948\" data-elementor-post-type=\"page\">\n\t\t\t\t\t\t<section class=\"elementor-section elementor-top-section elementor-element elementor-element-619b2ea1 elementor-section-height-min-height elementor-section-boxed elementor-section-height-default elementor-section-items-middle\" data-id=\"619b2ea1\" data-element_type=\"section\">\n\t\t\t\t\t\t<div class=\"elementor-container elementor-column-gap-default\">\n\t\t\t\t\t<div class=\"elementor-column elementor-col-50 elementor-top-column elementor-element elementor-element-3bd48946\" data-id=\"3bd48946\" data-element_type=\"column\">\n\t\t\t<div class=\"elementor-widget-wrap elementor-element-populated\">\n\t\t\t\t\t\t<div class=\"elementor-element elementor-element-18c0bb72 elementor-view-default elementor-widget elementor-widget-icon\" data-id=\"18c0bb72\" data-element_type=\"widget\" data-widget_type=\"icon.default\">\n\t\t\t\t<div class=\"elementor-widget-container\">\n\t\t\t\t\t\t\t<div class=\"elementor-icon-wrapper\">\n\t\t\t<div class=\"elementor-icon\">\n\t\t\t<svg xmlns=\"http:\/\/www.w3.org\/2000\/svg\" xmlns:xlink=\"http:\/\/www.w3.org\/1999\/xlink\" id=\"Layer_1\" data-name=\"Layer 1\" viewBox=\"0 0 41.99 46.18\"><defs><style>.cls-1,.cls-2{fill:none;}.cls-2{stroke:#dfb2b2;stroke-linecap:round;stroke-miterlimit:10;stroke-width:2px;}.cls-3{clip-path:url(#clip-path);}.cls-4{clip-path:url(#clip-path-2);}<\/style><clipPath id=\"clip-path\" transform=\"translate(-3.01 -0.64)\"><rect class=\"cls-1\" x=\"31.83\" y=\"2.26\" width=\"13.17\" height=\"11.12\"><\/rect><\/clipPath><clipPath id=\"clip-path-2\" transform=\"translate(-3.01 -0.64)\"><rect class=\"cls-1\" x=\"3.01\" y=\"2.26\" width=\"13.17\" height=\"11.12\"><\/rect><\/clipPath><\/defs><path class=\"cls-2\" d=\"M40.72,23.59,24,45.63a.47.47,0,0,1-.74,0l-16.69-22a.47.47,0,0,1,0-.51l4.49-8a.47.47,0,0,1,.4-.23H35.86a.46.46,0,0,1,.4.23l4.49,8A.47.47,0,0,1,40.72,23.59Z\" transform=\"translate(-3.01 -0.64)\"><\/path><line class=\"cls-2\" x1=\"37.74\" y1=\"22.45\" x2=\"3.55\" y2=\"22.45\"><\/line><polyline class=\"cls-2\" points=\"20.65 45.18 12.1 22.45 15.11 14.48\"><\/polyline><polyline class=\"cls-2\" points=\"20.65 45.05 29.19 22.33 26.18 14.36\"><\/polyline><line class=\"cls-2\" x1=\"12.1\" y1=\"22.45\" x2=\"15.11\" y2=\"14.48\"><\/line><line class=\"cls-2\" x1=\"20.99\" y1=\"6.13\" x2=\"20.99\" y2=\"1\"><\/line><g id=\"_Mirror_Repeat_\" data-name=\"&lt;Mirror Repeat&gt;\"><g class=\"cls-3\"><line class=\"cls-2\" x1=\"37.79\" y1=\"11.74\" x2=\"40.99\" y2=\"7.16\"><\/line><line class=\"cls-2\" x1=\"29.82\" y1=\"7.5\" x2=\"31.68\" y2=\"2.62\"><\/line><\/g><\/g><g id=\"_Mirror_Repeat_2\" data-name=\"&lt;Mirror Repeat&gt;\"><g class=\"cls-4\"><line class=\"cls-2\" x1=\"4.2\" y1=\"11.74\" x2=\"1\" y2=\"7.16\"><\/line><line class=\"cls-2\" x1=\"12.17\" y1=\"7.5\" x2=\"10.31\" y2=\"2.62\"><\/line><\/g><\/g><\/svg>\t\t\t<\/div>\n\t\t<\/div>\n\t\t\t\t\t\t<\/div>\n\t\t\t\t<\/div>\n\t\t\t\t<div class=\"elementor-element elementor-element-50e74963 elementor-widget__width-initial elementor-widget-mobile__width-initial elementor-invisible elementor-widget elementor-widget-heading\" data-id=\"50e74963\" data-element_type=\"widget\" data-settings=\"{&quot;_animation&quot;:&quot;fadeInUp&quot;,&quot;_animation_delay&quot;:100,&quot;_animation_tablet_extra&quot;:&quot;fadeInUp&quot;,&quot;_animation_tablet&quot;:&quot;fadeInUp&quot;,&quot;_animation_mobile&quot;:&quot;fadeInUp&quot;}\" data-widget_type=\"heading.default\">\n\t\t\t\t<div class=\"elementor-widget-container\">\n\t\t\t\t\t<h1 class=\"elementor-heading-title elementor-size-default\">Kaikki olemme voittajia<\/h1>\t\t\t\t<\/div>\n\t\t\t\t<\/div>\n\t\t\t\t<div class=\"elementor-element elementor-element-702ac75e elementor-widget__width-inherit elementor-invisible elementor-widget elementor-widget-text-editor\" data-id=\"702ac75e\" data-element_type=\"widget\" data-settings=\"{&quot;_animation&quot;:&quot;fadeInUp&quot;,&quot;_animation_delay&quot;:200,&quot;_animation_tablet_extra&quot;:&quot;fadeInUp&quot;,&quot;_animation_tablet&quot;:&quot;fadeInUp&quot;,&quot;_animation_mobile&quot;:&quot;fadeInUp&quot;}\" data-widget_type=\"text-editor.default\">\n\t\t\t\t<div class=\"elementor-widget-container\">\n\t\t\t\t\t\t\t\t\t<p><strong>Ensiluokkaisilla tuotteillamme<\/strong> ja <strong>mahtavalla asiakaspalvelullamme<\/strong>, olemme varmoja siit\u00e4, ett\u00e4 olemme Suomen ihanin palkinnontoimittaja!<\/p>\n\t\t\t\t\t\t\t\t<\/div>\n\t\t\t\t<\/div>\n\t\t\t\t<div class=\"elementor-element elementor-element-536e8926 elementor-widget__width-inherit elementor-invisible elementor-widget elementor-widget-button\" data-id=\"536e8926\" data-element_type=\"widget\" data-settings=\"{&quot;_animation&quot;:&quot;fadeInUp&quot;,&quot;_animation_delay&quot;:500,&quot;_animation_tablet_extra&quot;:&quot;fadeInUp&quot;,&quot;_animation_tablet&quot;:&quot;fadeInUp&quot;,&quot;_animation_mobile&quot;:&quot;fadeInUp&quot;}\" data-widget_type=\"button.default\">\n\t\t\t\t<div class=\"elementor-widget-container\">\n\t\t\t\t\t\t\t\t\t<div class=\"elementor-button-wrapper\">\n\t\t\t\t\t<a class=\"elementor-button elementor-button-link elementor-size-sm\" href=\"https:\/\/kronpriserna.fi\/fi\/verkkokauppa\/\">\n\t\t\t\t\t\t<span class=\"elementor-button-content-wrapper\">\n\t\t\t\t\t\t<span class=\"elementor-button-icon\">\n\t\t\t\t<i aria-hidden=\"true\" class=\"fas fa-arrow-right\"><\/i>\t\t\t<\/span>\n\t\t\t\t\t\t\t\t\t<span class=\"elementor-button-text\">Verkkokauppa<\/span>\n\t\t\t\t\t<\/span>\n\t\t\t\t\t<\/a>\n\t\t\t\t<\/div>\n\t\t\t\t\t\t\t\t<\/div>\n\t\t\t\t<\/div>\n\t\t\t\t\t<\/div>\n\t\t<\/div>\n\t\t\t\t<div class=\"elementor-column elementor-col-50 elementor-top-column elementor-element elementor-element-3d670777\" data-id=\"3d670777\" data-element_type=\"column\">\n\t\t\t<div class=\"elementor-widget-wrap elementor-element-populated\">\n\t\t\t\t\t\t<div class=\"elementor-element elementor-element-1d81af4f elementor-widget__width-auto elementor-widget elementor-widget-image\" data-id=\"1d81af4f\" data-element_type=\"widget\" data-widget_type=\"image.default\">\n\t\t\t\t<div class=\"elementor-widget-container\">\n\t\t\t\t\t\t\t\t\t\t\t\t\t\t\t<img fetchpriority=\"high\" decoding=\"async\" width=\"700\" height=\"888\" src=\"https:\/\/kronpriserna.fi\/wp-content\/uploads\/2023\/01\/Kronpriserna-pokaler.jpg\" class=\"attachment-full size-full wp-image-8621\" alt=\"\" srcset=\"https:\/\/kronpriserna.fi\/wp-content\/uploads\/2023\/01\/Kronpriserna-pokaler.jpg.webp 700w, https:\/\/kronpriserna.fi\/wp-content\/uploads\/2023\/01\/Kronpriserna-pokaler-236x300.jpg.webp 236w\" sizes=\"(max-width: 700px) 100vw, 700px\" \/>\t\t\t\t\t\t\t\t\t\t\t\t\t\t\t<\/div>\n\t\t\t\t<\/div>\n\t\t\t\t\t<\/div>\n\t\t<\/div>\n\t\t\t\t\t<\/div>\n\t\t<\/section>\n\t\t\t\t<section class=\"elementor-section elementor-top-section elementor-element elementor-element-18b639ab elementor-section-full_width elementor-section-height-default elementor-section-height-default\" data-id=\"18b639ab\" data-element_type=\"section\" data-settings=\"{&quot;background_background&quot;:&quot;classic&quot;}\">\n\t\t\t\t\t\t<div class=\"elementor-container elementor-column-gap-default\">\n\t\t\t\t\t<div class=\"elementor-column elementor-col-50 elementor-top-column elementor-element elementor-element-2e289627\" data-id=\"2e289627\" data-element_type=\"column\" data-settings=\"{&quot;background_background&quot;:&quot;classic&quot;}\">\n\t\t\t<div class=\"elementor-widget-wrap elementor-element-populated\">\n\t\t\t\t\t\t<div class=\"elementor-element elementor-element-24e3d050 elementor-widget elementor-widget-spacer\" data-id=\"24e3d050\" data-element_type=\"widget\" data-widget_type=\"spacer.default\">\n\t\t\t\t<div class=\"elementor-widget-container\">\n\t\t\t\t\t\t\t<div class=\"elementor-spacer\">\n\t\t\t<div class=\"elementor-spacer-inner\"><\/div>\n\t\t<\/div>\n\t\t\t\t\t\t<\/div>\n\t\t\t\t<\/div>\n\t\t\t\t\t<\/div>\n\t\t<\/div>\n\t\t\t\t<div class=\"elementor-column elementor-col-50 elementor-top-column elementor-element elementor-element-5af128ff\" data-id=\"5af128ff\" data-element_type=\"column\">\n\t\t\t<div class=\"elementor-widget-wrap elementor-element-populated\">\n\t\t\t\t\t\t<div class=\"elementor-element elementor-element-3fe2e7fa elementor-widget elementor-widget-heading\" data-id=\"3fe2e7fa\" data-element_type=\"widget\" data-widget_type=\"heading.default\">\n\t\t\t\t<div class=\"elementor-widget-container\">\n\t\t\t\t\t<h2 class=\"elementor-heading-title elementor-size-default\">Palkintoja kaikille<\/h2>\t\t\t\t<\/div>\n\t\t\t\t<\/div>\n\t\t\t\t<div class=\"elementor-element elementor-element-4c762367 elementor-widget elementor-widget-text-editor\" data-id=\"4c762367\" data-element_type=\"widget\" data-widget_type=\"text-editor.default\">\n\t\t\t\t<div class=\"elementor-widget-container\">\n\t\t\t\t\t\t\t\t\t<p>Meilt\u00e4 l\u00f6yd\u00e4t jatkuvasti p\u00e4ivitetyn valikoiman pokaaleja, mitaleja ja patsaita esimerkiksi kilpailuihin, kauden p\u00e4\u00e4tt\u00e4j\u00e4isiin ja palkintojenjakoihin.<\/p>\n<p>Kaiverramme paikan p\u00e4\u00e4ll\u00e4. Tilaa jo t\u00e4n\u00e4\u00e4n!<\/p>\n\t\t\t\t\t\t\t\t<\/div>\n\t\t\t\t<\/div>\n\t\t\t\t<div class=\"elementor-element elementor-element-279ccb35 elementor-icon-list--layout-traditional elementor-list-item-link-full_width elementor-widget elementor-widget-icon-list\" data-id=\"279ccb35\" data-element_type=\"widget\" data-widget_type=\"icon-list.default\">\n\t\t\t\t<div class=\"elementor-widget-container\">\n\t\t\t\t\t\t\t<ul class=\"elementor-icon-list-items\">\n\t\t\t\t\t\t\t<li class=\"elementor-icon-list-item\">\n\t\t\t\t\t\t\t\t\t\t\t<a href=\"https:\/\/kronpriserna.fi\/fi\/produkt-kategori\/medaljer\/\">\n\n\t\t\t\t\t\t\t\t\t\t\t\t<span class=\"elementor-icon-list-icon\">\n\t\t\t\t\t\t\t<i aria-hidden=\"true\" class=\"fas fa-arrow-right\"><\/i>\t\t\t\t\t\t<\/span>\n\t\t\t\t\t\t\t\t\t\t<span class=\"elementor-icon-list-text\">Mitalit<\/span>\n\t\t\t\t\t\t\t\t\t\t\t<\/a>\n\t\t\t\t\t\t\t\t\t<\/li>\n\t\t\t\t\t\t\t\t<li class=\"elementor-icon-list-item\">\n\t\t\t\t\t\t\t\t\t\t\t<a href=\"https:\/\/kronpriserna.fi\/fi\/produkt-kategori\/pokaler\/\">\n\n\t\t\t\t\t\t\t\t\t\t\t\t<span class=\"elementor-icon-list-icon\">\n\t\t\t\t\t\t\t<i aria-hidden=\"true\" class=\"fas fa-arrow-right\"><\/i>\t\t\t\t\t\t<\/span>\n\t\t\t\t\t\t\t\t\t\t<span class=\"elementor-icon-list-text\">Pokaalit<\/span>\n\t\t\t\t\t\t\t\t\t\t\t<\/a>\n\t\t\t\t\t\t\t\t\t<\/li>\n\t\t\t\t\t\t\t\t<li class=\"elementor-icon-list-item\">\n\t\t\t\t\t\t\t\t\t\t\t<a href=\"https:\/\/kronpriserna.fi\/fi\/produkt-kategori\/medaljband\/\">\n\n\t\t\t\t\t\t\t\t\t\t\t\t<span class=\"elementor-icon-list-icon\">\n\t\t\t\t\t\t\t<i aria-hidden=\"true\" class=\"fas fa-arrow-right\"><\/i>\t\t\t\t\t\t<\/span>\n\t\t\t\t\t\t\t\t\t\t<span class=\"elementor-icon-list-text\">Mitalinauhat<\/span>\n\t\t\t\t\t\t\t\t\t\t\t<\/a>\n\t\t\t\t\t\t\t\t\t<\/li>\n\t\t\t\t\t\t<\/ul>\n\t\t\t\t\t\t<\/div>\n\t\t\t\t<\/div>\n\t\t\t\t\t<\/div>\n\t\t<\/div>\n\t\t\t\t\t<\/div>\n\t\t<\/section>\n\t\t\t\t<section class=\"elementor-section elementor-top-section elementor-element elementor-element-549bdd1c elementor-section-boxed elementor-section-height-default elementor-section-height-default\" data-id=\"549bdd1c\" data-element_type=\"section\" data-settings=\"{&quot;background_background&quot;:&quot;classic&quot;}\">\n\t\t\t\t\t\t<div class=\"elementor-container elementor-column-gap-default\">\n\t\t\t\t\t<div class=\"elementor-column elementor-col-100 elementor-top-column elementor-element elementor-element-5801e5ba\" data-id=\"5801e5ba\" data-element_type=\"column\">\n\t\t\t<div class=\"elementor-widget-wrap elementor-element-populated\">\n\t\t\t\t\t\t<div class=\"elementor-element elementor-element-524eb924 elementor-widget elementor-widget-heading\" data-id=\"524eb924\" data-element_type=\"widget\" data-widget_type=\"heading.default\">\n\t\t\t\t<div class=\"elementor-widget-container\">\n\t\t\t\t\t<h2 class=\"elementor-heading-title elementor-size-default\">Uutuudet<\/h2>\t\t\t\t<\/div>\n\t\t\t\t<\/div>\n\t\t\t\t<div class=\"elementor-element elementor-element-21a0835 elementor-grid-tablet-2 elementor-product-loop-item--align-center elementor-grid-4 elementor-grid-mobile-2 elementor-products-grid elementor-wc-products elementor-widget elementor-widget-woocommerce-products\" data-id=\"21a0835\" data-element_type=\"widget\" data-widget_type=\"woocommerce-products.default\">\n\t\t\t\t<div class=\"elementor-widget-container\">\n\t\t\t\t\t<div class=\"woocommerce columns-4 \"><ul class=\"products elementor-grid columns-4\">\n<li class=\"product type-product post-10609 status-publish first instock product_cat-kiertopalkinnot product_cat-muut product_cat-patsaat has-post-thumbnail shipping-taxable purchasable product-type-simple\">\n\t<a href=\"https:\/\/kronpriserna.fi\/fi\/tuote\/kannustusjoukot\/\" class=\"woocommerce-LoopProduct-link woocommerce-loop-product__link\"><div class=\"wccpf-fields-container\">    \t    \n\t    <\/div><img decoding=\"async\" width=\"500\" height=\"500\" src=\"https:\/\/kronpriserna.fi\/wp-content\/uploads\/2025\/11\/Supporters-500x500.png\" class=\"attachment-woocommerce_thumbnail size-woocommerce_thumbnail\" alt=\"Kannustusjoukot\" srcset=\"https:\/\/kronpriserna.fi\/wp-content\/uploads\/2025\/11\/Supporters-500x500.png 500w, https:\/\/kronpriserna.fi\/wp-content\/uploads\/2025\/11\/Supporters-300x300.png 300w, https:\/\/kronpriserna.fi\/wp-content\/uploads\/2025\/11\/Supporters-1024x1024.png 1024w, https:\/\/kronpriserna.fi\/wp-content\/uploads\/2025\/11\/Supporters-150x150.png 150w, https:\/\/kronpriserna.fi\/wp-content\/uploads\/2025\/11\/Supporters-768x768.png 768w, https:\/\/kronpriserna.fi\/wp-content\/uploads\/2025\/11\/Supporters-900x900.png 900w, https:\/\/kronpriserna.fi\/wp-content\/uploads\/2025\/11\/Supporters-100x100.png 100w, https:\/\/kronpriserna.fi\/wp-content\/uploads\/2025\/11\/Supporters.png 1080w\" sizes=\"(max-width: 500px) 100vw, 500px\" \/><div class=\"wccpf-fields-container\"><\/div><h2 class=\"woocommerce-loop-product__title\">Kannustusjoukot<\/h2><div class=\"wccpf-fields-container\"><\/div>\n\t<span class=\"price\"><span class=\"woocommerce-Price-amount amount\"><bdi>15,00&nbsp;<span class=\"woocommerce-Price-currencySymbol\">&euro;<\/span><\/bdi><\/span><\/span>\n<div class=\"wccpf-fields-container\"><\/div><\/a><a href=\"\/fi\/wp-json\/wp\/v2\/pages\/6098?add-to-cart=10609\" aria-describedby=\"woocommerce_loop_add_to_cart_link_describedby_10609\" data-quantity=\"1\" class=\"button product_type_simple add_to_cart_button ajax_add_to_cart\" data-product_id=\"10609\" data-product_sku=\"\" aria-label=\"Lis\u00e4\u00e4 ostoskoriin: &ldquo;Kannustusjoukot&rdquo;\" rel=\"nofollow\" data-success_message=\"&ldquo;Kannustusjoukot&rdquo; on lis\u00e4tty ostoskoriin\" role=\"button\">Lis\u00e4\u00e4 ostoskoriin<\/a>\t<span id=\"woocommerce_loop_add_to_cart_link_describedby_10609\" class=\"screen-reader-text\">\n\t\t\t<\/span>\n<div class=\"wccpf-fields-container\"><\/div><\/li>\n<li class=\"product type-product post-10596 status-publish instock product_cat-viimeinenmahdollisuus has-post-thumbnail shipping-taxable purchasable product-type-simple\">\n\t<a href=\"https:\/\/kronpriserna.fi\/fi\/tuote\/pikachu\/\" class=\"woocommerce-LoopProduct-link woocommerce-loop-product__link\"><div class=\"wccpf-fields-container\"><\/div><img decoding=\"async\" width=\"500\" height=\"500\" src=\"https:\/\/kronpriserna.fi\/wp-content\/uploads\/2025\/11\/Pikachu-Kronpriserna-500x500.png\" class=\"attachment-woocommerce_thumbnail size-woocommerce_thumbnail\" alt=\"Pikachu\" srcset=\"https:\/\/kronpriserna.fi\/wp-content\/uploads\/2025\/11\/Pikachu-Kronpriserna-500x500.png 500w, https:\/\/kronpriserna.fi\/wp-content\/uploads\/2025\/11\/Pikachu-Kronpriserna-300x300.png 300w, https:\/\/kronpriserna.fi\/wp-content\/uploads\/2025\/11\/Pikachu-Kronpriserna-1024x1024.png 1024w, https:\/\/kronpriserna.fi\/wp-content\/uploads\/2025\/11\/Pikachu-Kronpriserna-150x150.png 150w, https:\/\/kronpriserna.fi\/wp-content\/uploads\/2025\/11\/Pikachu-Kronpriserna-768x768.png 768w, https:\/\/kronpriserna.fi\/wp-content\/uploads\/2025\/11\/Pikachu-Kronpriserna-900x900.png 900w, https:\/\/kronpriserna.fi\/wp-content\/uploads\/2025\/11\/Pikachu-Kronpriserna-100x100.png 100w, https:\/\/kronpriserna.fi\/wp-content\/uploads\/2025\/11\/Pikachu-Kronpriserna.png 1080w\" sizes=\"(max-width: 500px) 100vw, 500px\" \/><div class=\"wccpf-fields-container\"><\/div><h2 class=\"woocommerce-loop-product__title\">Pikachu<\/h2><div class=\"wccpf-fields-container\"><\/div>\n\t<span class=\"price\"><span class=\"woocommerce-Price-amount amount\"><bdi>29,00&nbsp;<span class=\"woocommerce-Price-currencySymbol\">&euro;<\/span><\/bdi><\/span><\/span>\n<div class=\"wccpf-fields-container\"><\/div><\/a><a href=\"\/fi\/wp-json\/wp\/v2\/pages\/6098?add-to-cart=10596\" aria-describedby=\"woocommerce_loop_add_to_cart_link_describedby_10596\" data-quantity=\"1\" class=\"button product_type_simple add_to_cart_button ajax_add_to_cart\" data-product_id=\"10596\" data-product_sku=\"\" aria-label=\"Lis\u00e4\u00e4 ostoskoriin: &ldquo;Pikachu&rdquo;\" rel=\"nofollow\" data-success_message=\"&ldquo;Pikachu&rdquo; on lis\u00e4tty ostoskoriin\" role=\"button\">Lis\u00e4\u00e4 ostoskoriin<\/a>\t<span id=\"woocommerce_loop_add_to_cart_link_describedby_10596\" class=\"screen-reader-text\">\n\t\t\t<\/span>\n<div class=\"wccpf-fields-container\"><\/div><\/li>\n<li class=\"product type-product post-10527 status-publish instock product_cat-pokaalit has-post-thumbnail shipping-taxable purchasable product-type-variable\">\n\t<a href=\"https:\/\/kronpriserna.fi\/fi\/tuote\/newjersey\/\" class=\"woocommerce-LoopProduct-link woocommerce-loop-product__link\"><div class=\"wccpf-fields-container\"><\/div><div class=\"wcff-variation-field\"  data-area=\"woocommerce_before_shop_loop_item\"><\/div><img loading=\"lazy\" decoding=\"async\" width=\"500\" height=\"500\" src=\"https:\/\/kronpriserna.fi\/wp-content\/uploads\/2025\/08\/New-Jersey-pokaalit-Vaasa-500x500.png\" class=\"attachment-woocommerce_thumbnail size-woocommerce_thumbnail\" alt=\"New Jersey\" srcset=\"https:\/\/kronpriserna.fi\/wp-content\/uploads\/2025\/08\/New-Jersey-pokaalit-Vaasa-500x500.png 500w, https:\/\/kronpriserna.fi\/wp-content\/uploads\/2025\/08\/New-Jersey-pokaalit-Vaasa-300x300.png 300w, https:\/\/kronpriserna.fi\/wp-content\/uploads\/2025\/08\/New-Jersey-pokaalit-Vaasa-1024x1024.png 1024w, https:\/\/kronpriserna.fi\/wp-content\/uploads\/2025\/08\/New-Jersey-pokaalit-Vaasa-150x150.png 150w, https:\/\/kronpriserna.fi\/wp-content\/uploads\/2025\/08\/New-Jersey-pokaalit-Vaasa-768x768.png 768w, https:\/\/kronpriserna.fi\/wp-content\/uploads\/2025\/08\/New-Jersey-pokaalit-Vaasa-900x900.png 900w, https:\/\/kronpriserna.fi\/wp-content\/uploads\/2025\/08\/New-Jersey-pokaalit-Vaasa-100x100.png 100w, https:\/\/kronpriserna.fi\/wp-content\/uploads\/2025\/08\/New-Jersey-pokaalit-Vaasa.png 1080w\" sizes=\"(max-width: 500px) 100vw, 500px\" \/><div class=\"wccpf-fields-container\"><\/div><div class=\"wcff-variation-field\"  data-area=\"woocommerce_before_shop_loop_item_title\"><\/div><h2 class=\"woocommerce-loop-product__title\">New Jersey<\/h2><div class=\"wccpf-fields-container\"><\/div><div class=\"wcff-variation-field\"  data-area=\"woocommerce_shop_loop_item_title\"><\/div>\n\t<span class=\"price\"><span class=\"woocommerce-Price-amount amount\" aria-hidden=\"true\"><bdi>21,00&nbsp;<span class=\"woocommerce-Price-currencySymbol\">&euro;<\/span><\/bdi><\/span> <span aria-hidden=\"true\">&ndash;<\/span> <span class=\"woocommerce-Price-amount amount\" aria-hidden=\"true\"><bdi>49,00&nbsp;<span class=\"woocommerce-Price-currencySymbol\">&euro;<\/span><\/bdi><\/span><span class=\"screen-reader-text\">Hintaluokka: 21,00&nbsp;&euro; - 49,00&nbsp;&euro;<\/span><\/span>\n<div class=\"wccpf-fields-container\"><\/div><div class=\"wcff-variation-field\"  data-area=\"woocommerce_after_shop_loop_item_title\"><\/div><\/a><a href=\"https:\/\/kronpriserna.fi\/fi\/tuote\/newjersey\/\" aria-describedby=\"woocommerce_loop_add_to_cart_link_describedby_10527\" data-quantity=\"1\" class=\"button product_type_variable add_to_cart_button\" data-product_id=\"10527\" data-product_sku=\"\" aria-label=\"Valitse valinnat &ldquo;New Jersey&rdquo;\" rel=\"nofollow\">Valitse vaihtoehdoista<\/a>\t<span id=\"woocommerce_loop_add_to_cart_link_describedby_10527\" class=\"screen-reader-text\">\n\t\tT\u00e4ll\u00e4 tuotteella on useampi muunnelma. Voit tehd\u00e4 valinnat tuotteen sivulla.\t<\/span>\n<div class=\"wccpf-fields-container\"><\/div><div class=\"wcff-variation-field\"  data-area=\"woocommerce_after_shop_loop_item\"><\/div><\/li>\n<li class=\"product type-product post-10409 status-publish last instock product_cat-pokaalit has-post-thumbnail shipping-taxable purchasable product-type-variable\">\n\t<a href=\"https:\/\/kronpriserna.fi\/fi\/tuote\/milano\/\" class=\"woocommerce-LoopProduct-link woocommerce-loop-product__link\"><div class=\"wccpf-fields-container\"><\/div><div class=\"wcff-variation-field\"  data-area=\"woocommerce_before_shop_loop_item\"><\/div><img loading=\"lazy\" decoding=\"async\" width=\"500\" height=\"500\" src=\"https:\/\/kronpriserna.fi\/wp-content\/uploads\/2025\/02\/Milano-Kruunupalkinnot-pokaalit-Vaasa-Pohjanmaa-500x500.png\" class=\"attachment-woocommerce_thumbnail size-woocommerce_thumbnail\" alt=\"Milano\" srcset=\"https:\/\/kronpriserna.fi\/wp-content\/uploads\/2025\/02\/Milano-Kruunupalkinnot-pokaalit-Vaasa-Pohjanmaa-500x500.png 500w, https:\/\/kronpriserna.fi\/wp-content\/uploads\/2025\/02\/Milano-Kruunupalkinnot-pokaalit-Vaasa-Pohjanmaa-300x300.png 300w, https:\/\/kronpriserna.fi\/wp-content\/uploads\/2025\/02\/Milano-Kruunupalkinnot-pokaalit-Vaasa-Pohjanmaa-1024x1024.png 1024w, https:\/\/kronpriserna.fi\/wp-content\/uploads\/2025\/02\/Milano-Kruunupalkinnot-pokaalit-Vaasa-Pohjanmaa-150x150.png 150w, https:\/\/kronpriserna.fi\/wp-content\/uploads\/2025\/02\/Milano-Kruunupalkinnot-pokaalit-Vaasa-Pohjanmaa-768x768.png 768w, https:\/\/kronpriserna.fi\/wp-content\/uploads\/2025\/02\/Milano-Kruunupalkinnot-pokaalit-Vaasa-Pohjanmaa-900x900.png 900w, https:\/\/kronpriserna.fi\/wp-content\/uploads\/2025\/02\/Milano-Kruunupalkinnot-pokaalit-Vaasa-Pohjanmaa-100x100.png 100w, https:\/\/kronpriserna.fi\/wp-content\/uploads\/2025\/02\/Milano-Kruunupalkinnot-pokaalit-Vaasa-Pohjanmaa.png 1080w\" sizes=\"(max-width: 500px) 100vw, 500px\" \/><div class=\"wccpf-fields-container\"><\/div><div class=\"wcff-variation-field\"  data-area=\"woocommerce_before_shop_loop_item_title\"><\/div><h2 class=\"woocommerce-loop-product__title\">Milano<\/h2><div class=\"wccpf-fields-container\"><\/div><div class=\"wcff-variation-field\"  data-area=\"woocommerce_shop_loop_item_title\"><\/div>\n\t<span class=\"price\"><span class=\"woocommerce-Price-amount amount\" aria-hidden=\"true\"><bdi>13,80&nbsp;<span class=\"woocommerce-Price-currencySymbol\">&euro;<\/span><\/bdi><\/span> <span aria-hidden=\"true\">&ndash;<\/span> <span class=\"woocommerce-Price-amount amount\" aria-hidden=\"true\"><bdi>26,40&nbsp;<span class=\"woocommerce-Price-currencySymbol\">&euro;<\/span><\/bdi><\/span><span class=\"screen-reader-text\">Hintaluokka: 13,80&nbsp;&euro; - 26,40&nbsp;&euro;<\/span><\/span>\n<div class=\"wccpf-fields-container\"><\/div><div class=\"wcff-variation-field\"  data-area=\"woocommerce_after_shop_loop_item_title\"><\/div><\/a><a href=\"https:\/\/kronpriserna.fi\/fi\/tuote\/milano\/\" aria-describedby=\"woocommerce_loop_add_to_cart_link_describedby_10409\" data-quantity=\"1\" class=\"button product_type_variable add_to_cart_button\" data-product_id=\"10409\" data-product_sku=\"400X\" aria-label=\"Valitse valinnat &ldquo;Milano&rdquo;\" rel=\"nofollow\">Valitse vaihtoehdoista<\/a>\t<span id=\"woocommerce_loop_add_to_cart_link_describedby_10409\" class=\"screen-reader-text\">\n\t\tT\u00e4ll\u00e4 tuotteella on useampi muunnelma. Voit tehd\u00e4 valinnat tuotteen sivulla.\t<\/span>\n<div class=\"wccpf-fields-container\"><\/div><div class=\"wcff-variation-field\"  data-area=\"woocommerce_after_shop_loop_item\"><\/div><\/li>\n<\/ul>\n<\/div>\t\t\t\t<\/div>\n\t\t\t\t<\/div>\n\t\t\t\t\t<\/div>\n\t\t<\/div>\n\t\t\t\t\t<\/div>\n\t\t<\/section>\n\t\t\t\t<\/div>\n\t\t","protected":false},"excerpt":{"rendered":"<p>Kaikki olemme voittajia Ensiluokkaisilla tuotteillamme ja mahtavalla asiakaspalvelullamme, olemme varmoja siit\u00e4, ett\u00e4 olemme Suomen ihanin palkinnontoimittaja! Verkkokauppa Palkintoja kaikille Meilt\u00e4 l\u00f6yd\u00e4t jatkuvasti p\u00e4ivitetyn valikoiman pokaaleja, mitaleja ja patsaita esimerkiksi kilpailuihin, kauden p\u00e4\u00e4tt\u00e4j\u00e4isiin ja palkintojenjakoihin. Kaiverramme paikan p\u00e4\u00e4ll\u00e4. Tilaa jo t\u00e4n\u00e4\u00e4n! Mitalit Pokaalit Mitalinauhat Uutuudet<\/p>\n","protected":false},"author":7,"featured_media":0,"parent":0,"menu_order":0,"comment_status":"closed","ping_status":"closed","template":"elementor_header_footer","meta":{"footnotes":""},"class_list":["post-6098","page","type-page","status-publish","hentry"],"_links":{"self":[{"href":"https:\/\/kronpriserna.fi\/fi\/wp-json\/wp\/v2\/pages\/6098","targetHints":{"allow":["GET"]}}],"collection":[{"href":"https:\/\/kronpriserna.fi\/fi\/wp-json\/wp\/v2\/pages"}],"about":[{"href":"https:\/\/kronpriserna.fi\/fi\/wp-json\/wp\/v2\/types\/page"}],"author":[{"embeddable":true,"href":"https:\/\/kronpriserna.fi\/fi\/wp-json\/wp\/v2\/users\/7"}],"replies":[{"embeddable":true,"href":"https:\/\/kronpriserna.fi\/fi\/wp-json\/wp\/v2\/comments?post=6098"}],"version-history":[{"count":3,"href":"https:\/\/kronpriserna.fi\/fi\/wp-json\/wp\/v2\/pages\/6098\/revisions"}],"predecessor-version":[{"id":9863,"href":"https:\/\/kronpriserna.fi\/fi\/wp-json\/wp\/v2\/pages\/6098\/revisions\/9863"}],"wp:attachment":[{"href":"https:\/\/kronpriserna.fi\/fi\/wp-json\/wp\/v2\/media?parent=6098"}],"curies":[{"name":"wp","href":"https:\/\/api.w.org\/{rel}","templated":true}]}}