{"id":6261,"date":"2021-10-19T09:56:19","date_gmt":"2021-10-19T07:56:19","guid":{"rendered":"https:\/\/kronpriserna.fi\/yritys-2\/"},"modified":"2023-06-07T15:48:29","modified_gmt":"2023-06-07T13:48:29","slug":"yrityksesta","status":"publish","type":"page","link":"https:\/\/kronpriserna.fi\/fi\/yrityksesta\/","title":{"rendered":"Yritys"},"content":{"rendered":"\t\t<div data-elementor-type=\"wp-page\" data-elementor-id=\"6261\" class=\"elementor elementor-6261 elementor-4222\" data-elementor-post-type=\"page\">\n\t\t\t\t\t\t<section class=\"elementor-section elementor-top-section elementor-element elementor-element-582a995 elementor-section-boxed elementor-section-height-default elementor-section-height-default\" data-id=\"582a995\" data-element_type=\"section\" data-settings=\"{&quot;background_background&quot;:&quot;classic&quot;}\">\n\t\t\t\t\t\t<div class=\"elementor-container elementor-column-gap-default\">\n\t\t\t\t\t<div class=\"elementor-column elementor-col-100 elementor-top-column elementor-element elementor-element-670de240\" data-id=\"670de240\" data-element_type=\"column\">\n\t\t\t<div class=\"elementor-widget-wrap elementor-element-populated\">\n\t\t\t\t\t\t<div class=\"elementor-element elementor-element-3e1e6a5e elementor-widget elementor-widget-heading\" data-id=\"3e1e6a5e\" data-element_type=\"widget\" data-widget_type=\"heading.default\">\n\t\t\t\t<div class=\"elementor-widget-container\">\n\t\t\t\t\t<h4 class=\"elementor-heading-title elementor-size-default\">Vuonna 2017 perustettu perheyritys<\/h4>\t\t\t\t<\/div>\n\t\t\t\t<\/div>\n\t\t\t\t\t<\/div>\n\t\t<\/div>\n\t\t\t\t\t<\/div>\n\t\t<\/section>\n\t\t\t\t<section class=\"elementor-section elementor-top-section elementor-element elementor-element-5422af7e elementor-section-full_width elementor-section-height-default elementor-section-height-default\" data-id=\"5422af7e\" data-element_type=\"section\" data-settings=\"{&quot;background_background&quot;:&quot;classic&quot;}\">\n\t\t\t\t\t\t<div class=\"elementor-container elementor-column-gap-default\">\n\t\t\t\t\t<div class=\"elementor-column elementor-col-50 elementor-top-column elementor-element elementor-element-1bb4e8ad\" data-id=\"1bb4e8ad\" data-element_type=\"column\" data-settings=\"{&quot;background_background&quot;:&quot;classic&quot;}\">\n\t\t\t<div class=\"elementor-widget-wrap elementor-element-populated\">\n\t\t\t\t\t\t<div class=\"elementor-element elementor-element-4fd33317 elementor-widget elementor-widget-spacer\" data-id=\"4fd33317\" data-element_type=\"widget\" data-widget_type=\"spacer.default\">\n\t\t\t\t<div class=\"elementor-widget-container\">\n\t\t\t\t\t\t\t<div class=\"elementor-spacer\">\n\t\t\t<div class=\"elementor-spacer-inner\"><\/div>\n\t\t<\/div>\n\t\t\t\t\t\t<\/div>\n\t\t\t\t<\/div>\n\t\t\t\t\t<\/div>\n\t\t<\/div>\n\t\t\t\t<div class=\"elementor-column elementor-col-50 elementor-top-column elementor-element elementor-element-72bdc5a\" data-id=\"72bdc5a\" data-element_type=\"column\">\n\t\t\t<div class=\"elementor-widget-wrap elementor-element-populated\">\n\t\t\t\t\t\t<div class=\"elementor-element elementor-element-7d217c1a elementor-widget elementor-widget-heading\" data-id=\"7d217c1a\" data-element_type=\"widget\" data-widget_type=\"heading.default\">\n\t\t\t\t<div class=\"elementor-widget-container\">\n\t\t\t\t\t<h2 class=\"elementor-heading-title elementor-size-default\">Yrityksest\u00e4<\/h2>\t\t\t\t<\/div>\n\t\t\t\t<\/div>\n\t\t\t\t<div class=\"elementor-element elementor-element-5fb24822 elementor-widget elementor-widget-text-editor\" data-id=\"5fb24822\" data-element_type=\"widget\" data-widget_type=\"text-editor.default\">\n\t\t\t\t<div class=\"elementor-widget-container\">\n\t\t\t\t\t\t\t\t\t<p class=\"p1\"><strong>Kruunupalkinnot palvelee urheiluseuroja, kerhoja ja kouluja, sek\u00e4 yrityksi\u00e4 ja yhdistyksi\u00e4, ett\u00e4 j\u00e4rjest\u00f6j\u00e4 ja yksityishenkil\u00f6it\u00e4.<\/strong><\/p>\n<p class=\"p1\">Kruunupalkinnot Oy on vuonna 2017 Vaasassa perustettu yritys, jonka tavoitteena on olla juuri sinun valintasi etsiess\u00e4si palkintoja \u2013 olipa kyseess\u00e4 sata mitalia tai kolme pokaalia! Mielest\u00e4mme jokaisen palkittavan hetken tulisi palkita.<\/p>\n<p>Tuotevalikoimaan kuuluvat muun muassa pokaalit, mitalit, patsaat ja muut laadukkaat palkinnot. Mik\u00e4li verkkokaupasta ei l\u00f6yd\u00e4 juuri sit\u00e4 mit\u00e4 sin\u00e4 etsit, otathan yhteytt\u00e4, niin r\u00e4\u00e4t\u00e4l\u00f6imme juuri sinulle sopivat palkinnot!<\/p>\n\t\t\t\t\t\t\t\t<\/div>\n\t\t\t\t<\/div>\n\t\t\t\t\t<\/div>\n\t\t<\/div>\n\t\t\t\t\t<\/div>\n\t\t<\/section>\n\t\t\t\t<section class=\"elementor-section elementor-top-section elementor-element elementor-element-294cf48 elementor-section-boxed elementor-section-height-default elementor-section-height-default\" data-id=\"294cf48\" data-element_type=\"section\" data-settings=\"{&quot;background_background&quot;:&quot;classic&quot;}\">\n\t\t\t\t\t\t<div class=\"elementor-container elementor-column-gap-default\">\n\t\t\t\t\t<div class=\"elementor-column elementor-col-50 elementor-top-column elementor-element elementor-element-36181b72\" data-id=\"36181b72\" data-element_type=\"column\">\n\t\t\t<div class=\"elementor-widget-wrap elementor-element-populated\">\n\t\t\t\t\t\t<div class=\"elementor-element elementor-element-51f0552 elementor-widget elementor-widget-heading\" data-id=\"51f0552\" data-element_type=\"widget\" data-widget_type=\"heading.default\">\n\t\t\t\t<div class=\"elementor-widget-container\">\n\t\t\t\t\t<h2 class=\"elementor-heading-title elementor-size-default\">Palvelumme<\/h2>\t\t\t\t<\/div>\n\t\t\t\t<\/div>\n\t\t\t\t<div class=\"elementor-element elementor-element-268df50d elementor-widget elementor-widget-text-editor\" data-id=\"268df50d\" data-element_type=\"widget\" data-widget_type=\"text-editor.default\">\n\t\t\t\t<div class=\"elementor-widget-container\">\n\t\t\t\t\t\t\t\t\t<p>Verkkokauppa on auki ymp\u00e4ri vuorokauden, ja voit olla meihin yhteydess\u00e4 silloin, kuin sinulle sopii parhaiten. Mik\u00e4li ei toisin mainita, tuotteen hinta sis\u00e4lt\u00e4\u00e4 aina alvin, metallisen kaiverruslaatan ja tavallisen kaiverruksen (korkeintaan 20 merkki\u00e4).<\/p>\n<p>Pyyd\u00e4 tarjous logokaiverruksista, ylim\u00e4\u00e4r\u00e4isist\u00e4 merkeist\u00e4 ja muista enemm\u00e4n aikaa vievist\u00e4 kaiverruksista (hinta riippuu kaiverrusajasta). Ei palautusoikeusta mik\u00e4li tuotteet ovat kaiverrettuja, kahden viikon palautusoikeus mik\u00e4li tuote ei ole kaiverrettu. Maksutavat: lasku, verkkolasku, Mobilepay tai k\u00e4teinen.<\/p>\n<p class=\"p1\">Tilaukset voi noutaa joko Vaasasta tai Karjaalta, kotiinkuljetus onnistuu lis\u00e4hintaan joko omalla toimituksellamme (Pohjanmaa ja L\u00e4nsi-Uusimaa), Postin tai Matkahuollon kautta.<\/p><p class=\"p1\">Huomioithan, ett\u00e4 tilaus, joka sis\u00e4lt\u00e4\u00e4 kaiverruksen, on ostop\u00e4\u00e4t\u00f6s.<\/p>\t\t\t\t\t\t\t\t<\/div>\n\t\t\t\t<\/div>\n\t\t\t\t<div class=\"elementor-element elementor-element-3469418d elementor-widget elementor-widget-button\" data-id=\"3469418d\" data-element_type=\"widget\" data-widget_type=\"button.default\">\n\t\t\t\t<div class=\"elementor-widget-container\">\n\t\t\t\t\t\t\t\t\t<div class=\"elementor-button-wrapper\">\n\t\t\t\t\t<a class=\"elementor-button elementor-button-link elementor-size-sm\" href=\"https:\/\/kronpriserna.fi\/fi\/ota-yhteytta\/\">\n\t\t\t\t\t\t<span class=\"elementor-button-content-wrapper\">\n\t\t\t\t\t\t\t\t\t<span class=\"elementor-button-text\">Ota yhteytt\u00e4<\/span>\n\t\t\t\t\t<\/span>\n\t\t\t\t\t<\/a>\n\t\t\t\t<\/div>\n\t\t\t\t\t\t\t\t<\/div>\n\t\t\t\t<\/div>\n\t\t\t\t\t<\/div>\n\t\t<\/div>\n\t\t\t\t<div class=\"elementor-column elementor-col-50 elementor-top-column elementor-element elementor-element-336579e0\" data-id=\"336579e0\" data-element_type=\"column\">\n\t\t\t<div class=\"elementor-widget-wrap elementor-element-populated\">\n\t\t\t\t\t\t<div class=\"elementor-element elementor-element-58519c9b elementor-widget-mobile__width-inherit elementor-widget elementor-widget-image\" data-id=\"58519c9b\" data-element_type=\"widget\" data-widget_type=\"image.default\">\n\t\t\t\t<div class=\"elementor-widget-container\">\n\t\t\t\t\t\t\t\t\t\t\t\t\t\t\t<img fetchpriority=\"high\" decoding=\"async\" width=\"582\" height=\"711\" src=\"https:\/\/kronpriserna.fi\/wp-content\/uploads\/2021\/11\/Lasiplaketti-16129.png\" class=\"attachment-full size-full wp-image-5714\" alt=\"glasplakett glas plakett med svarta detaljer\" srcset=\"https:\/\/kronpriserna.fi\/wp-content\/uploads\/2021\/11\/Lasiplaketti-16129.png 582w, https:\/\/kronpriserna.fi\/wp-content\/uploads\/2021\/11\/Lasiplaketti-16129-246x300.png 246w, https:\/\/kronpriserna.fi\/wp-content\/uploads\/2021\/11\/Lasiplaketti-16129-120x146.png 120w, https:\/\/kronpriserna.fi\/wp-content\/uploads\/2021\/11\/Lasiplaketti-16129-41x50.png 41w, https:\/\/kronpriserna.fi\/wp-content\/uploads\/2021\/11\/Lasiplaketti-16129-61x75.png 61w\" sizes=\"(max-width: 582px) 100vw, 582px\" \/>\t\t\t\t\t\t\t\t\t\t\t\t\t\t\t<\/div>\n\t\t\t\t<\/div>\n\t\t\t\t\t<\/div>\n\t\t<\/div>\n\t\t\t\t\t<\/div>\n\t\t<\/section>\n\t\t\t\t<\/div>\n\t\t","protected":false},"excerpt":{"rendered":"<p>Vuonna 2017 perustettu perheyritys Yrityksest\u00e4 Kruunupalkinnot palvelee urheiluseuroja, kerhoja ja kouluja, sek\u00e4 yrityksi\u00e4 ja yhdistyksi\u00e4, ett\u00e4 j\u00e4rjest\u00f6j\u00e4 ja yksityishenkil\u00f6it\u00e4. Kruunupalkinnot Oy on vuonna 2017 Vaasassa perustettu yritys, jonka tavoitteena on olla juuri sinun valintasi etsiess\u00e4si palkintoja \u2013 olipa kyseess\u00e4 sata mitalia tai kolme pokaalia! Mielest\u00e4mme jokaisen palkittavan hetken tulisi palkita. Tuotevalikoimaan kuuluvat muun muassa pokaalit, [&hellip;]<\/p>\n","protected":false},"author":7,"featured_media":0,"parent":0,"menu_order":0,"comment_status":"closed","ping_status":"closed","template":"elementor_header_footer","meta":{"footnotes":""},"class_list":["post-6261","page","type-page","status-publish","hentry"],"_links":{"self":[{"href":"https:\/\/kronpriserna.fi\/fi\/wp-json\/wp\/v2\/pages\/6261","targetHints":{"allow":["GET"]}}],"collection":[{"href":"https:\/\/kronpriserna.fi\/fi\/wp-json\/wp\/v2\/pages"}],"about":[{"href":"https:\/\/kronpriserna.fi\/fi\/wp-json\/wp\/v2\/types\/page"}],"author":[{"embeddable":true,"href":"https:\/\/kronpriserna.fi\/fi\/wp-json\/wp\/v2\/users\/7"}],"replies":[{"embeddable":true,"href":"https:\/\/kronpriserna.fi\/fi\/wp-json\/wp\/v2\/comments?post=6261"}],"version-history":[{"count":4,"href":"https:\/\/kronpriserna.fi\/fi\/wp-json\/wp\/v2\/pages\/6261\/revisions"}],"predecessor-version":[{"id":8900,"href":"https:\/\/kronpriserna.fi\/fi\/wp-json\/wp\/v2\/pages\/6261\/revisions\/8900"}],"wp:attachment":[{"href":"https:\/\/kronpriserna.fi\/fi\/wp-json\/wp\/v2\/media?parent=6261"}],"curies":[{"name":"wp","href":"https:\/\/api.w.org\/{rel}","templated":true}]}}