{"id":10152,"date":"2024-12-16T22:15:27","date_gmt":"2024-12-16T20:15:27","guid":{"rendered":"https:\/\/kronpriserna.fi\/?post_type=product&#038;p=10152"},"modified":"2025-01-21T23:10:10","modified_gmt":"2025-01-21T21:10:10","slug":"futis-ponihanta","status":"publish","type":"product","link":"https:\/\/kronpriserna.fi\/fi\/tuote\/futis-ponihanta\/","title":{"rendered":"Futispelaaja ponih\u00e4nn\u00e4ll\u00e4"},"content":{"rendered":"","protected":false},"excerpt":{"rendered":"<p>Koko: 45 mm<\/p>\n","protected":false},"featured_media":10173,"template":"","meta":[],"product_brand":[],"product_cat":[244,216],"product_tag":[363],"class_list":{"0":"post-10152","1":"product","2":"type-product","3":"status-publish","4":"has-post-thumbnail","6":"product_cat-jalkapallo","7":"product_cat-mitalit","8":"product_tag-jalkapallo-fi","10":"first","11":"instock","12":"shipping-taxable","13":"purchasable","14":"product-type-variable"},"_links":{"self":[{"href":"https:\/\/kronpriserna.fi\/fi\/wp-json\/wp\/v2\/product\/10152","targetHints":{"allow":["GET"]}}],"collection":[{"href":"https:\/\/kronpriserna.fi\/fi\/wp-json\/wp\/v2\/product"}],"about":[{"href":"https:\/\/kronpriserna.fi\/fi\/wp-json\/wp\/v2\/types\/product"}],"version-history":[{"count":1,"href":"https:\/\/kronpriserna.fi\/fi\/wp-json\/wp\/v2\/product\/10152\/revisions"}],"predecessor-version":[{"id":10191,"href":"https:\/\/kronpriserna.fi\/fi\/wp-json\/wp\/v2\/product\/10152\/revisions\/10191"}],"wp:featuredmedia":[{"embeddable":true,"href":"https:\/\/kronpriserna.fi\/fi\/wp-json\/wp\/v2\/media\/10173"}],"wp:attachment":[{"href":"https:\/\/kronpriserna.fi\/fi\/wp-json\/wp\/v2\/media?parent=10152"}],"wp:term":[{"taxonomy":"product_brand","embeddable":true,"href":"https:\/\/kronpriserna.fi\/fi\/wp-json\/wp\/v2\/product_brand?post=10152"},{"taxonomy":"product_cat","embeddable":true,"href":"https:\/\/kronpriserna.fi\/fi\/wp-json\/wp\/v2\/product_cat?post=10152"},{"taxonomy":"product_tag","embeddable":true,"href":"https:\/\/kronpriserna.fi\/fi\/wp-json\/wp\/v2\/product_tag?post=10152"}],"curies":[{"name":"wp","href":"https:\/\/api.w.org\/{rel}","templated":true}]}}