{"id":4482,"date":"2020-09-03T12:40:12","date_gmt":"2021-11-18T12:57:43","guid":{"rendered":"https:\/\/kronpriserna.fi\/produkt\/got-it-all-exclusive-wine-champagne-glasses\/"},"modified":"2021-11-18T14:59:34","modified_gmt":"2021-11-18T12:59:34","slug":"got-it-all","status":"publish","type":"product","link":"https:\/\/kronpriserna.fi\/fi\/tuote\/got-it-all\/","title":{"rendered":"Got it all | Exclusive wine &amp; champagne glasses"},"content":{"rendered":"","protected":false},"excerpt":{"rendered":"<p><strong>VAUU<\/strong> | T\u00e4ss\u00e4 on aivan t\u00e4ydellinen lahja henkil\u00f6lle, <em>jolla on jo kaikkea mit\u00e4 osaisi toivoa<\/em>. Superisoa viini- tai samppanjalasia h\u00e4nell\u00e4 ei taatusti ole!<\/p>\n<p><strong>VINKKI<\/strong>| T\u00e4yt\u00e4 lasi vaikka suklaalla, laita siihen n\u00e4ytt\u00e4v\u00e4 kynttil\u00e4 tai ihana kukkakimppu, k\u00e4\u00e4ri sellofaanin ja t\u00e4ydellinen lahja on valmis!<\/p>\n","protected":false},"featured_media":4052,"template":"","meta":[],"product_brand":[],"product_cat":[210],"product_tag":[320],"class_list":{"0":"post-4482","1":"product","2":"type-product","3":"status-publish","4":"has-post-thumbnail","6":"product_cat-lasit","7":"product_tag-lasi-fi","9":"first","10":"instock","11":"shipping-taxable","12":"purchasable","13":"product-type-variable"},"_links":{"self":[{"href":"https:\/\/kronpriserna.fi\/fi\/wp-json\/wp\/v2\/product\/4482","targetHints":{"allow":["GET"]}}],"collection":[{"href":"https:\/\/kronpriserna.fi\/fi\/wp-json\/wp\/v2\/product"}],"about":[{"href":"https:\/\/kronpriserna.fi\/fi\/wp-json\/wp\/v2\/types\/product"}],"version-history":[{"count":0,"href":"https:\/\/kronpriserna.fi\/fi\/wp-json\/wp\/v2\/product\/4482\/revisions"}],"wp:featuredmedia":[{"embeddable":true,"href":"https:\/\/kronpriserna.fi\/fi\/wp-json\/wp\/v2\/media\/4052"}],"wp:attachment":[{"href":"https:\/\/kronpriserna.fi\/fi\/wp-json\/wp\/v2\/media?parent=4482"}],"wp:term":[{"taxonomy":"product_brand","embeddable":true,"href":"https:\/\/kronpriserna.fi\/fi\/wp-json\/wp\/v2\/product_brand?post=4482"},{"taxonomy":"product_cat","embeddable":true,"href":"https:\/\/kronpriserna.fi\/fi\/wp-json\/wp\/v2\/product_cat?post=4482"},{"taxonomy":"product_tag","embeddable":true,"href":"https:\/\/kronpriserna.fi\/fi\/wp-json\/wp\/v2\/product_tag?post=4482"}],"curies":[{"name":"wp","href":"https:\/\/api.w.org\/{rel}","templated":true}]}}