{"id":4645,"date":"2019-03-05T15:14:57","date_gmt":"2021-11-19T07:40:53","guid":{"rendered":"https:\/\/kronpriserna.fi\/produkt\/lahtis-2\/"},"modified":"2022-07-27T19:33:56","modified_gmt":"2022-07-27T17:33:56","slug":"lahtis","status":"publish","type":"product","link":"https:\/\/kronpriserna.fi\/fi\/tuote\/lahtis\/","title":{"rendered":"Lahtis"},"content":{"rendered":"","protected":false},"excerpt":{"rendered":"<p><strong>Eksklusiivisen n\u00e4k\u00f6inen pokaali, v\u00e4reiss\u00e4 musta ja hopea.<\/strong><br \/>\nValitse 25mm lajitunnus.<\/p>\n","protected":false},"featured_media":3978,"template":"","meta":[],"product_brand":[],"product_cat":[224],"product_tag":[323],"class_list":{"0":"post-4645","1":"product","2":"type-product","3":"status-publish","4":"has-post-thumbnail","6":"product_cat-pokaalit","7":"product_tag-lajitunnus-25mm-fi","9":"first","10":"instock","11":"shipping-taxable","12":"purchasable","13":"product-type-variable"},"_links":{"self":[{"href":"https:\/\/kronpriserna.fi\/fi\/wp-json\/wp\/v2\/product\/4645","targetHints":{"allow":["GET"]}}],"collection":[{"href":"https:\/\/kronpriserna.fi\/fi\/wp-json\/wp\/v2\/product"}],"about":[{"href":"https:\/\/kronpriserna.fi\/fi\/wp-json\/wp\/v2\/types\/product"}],"version-history":[{"count":0,"href":"https:\/\/kronpriserna.fi\/fi\/wp-json\/wp\/v2\/product\/4645\/revisions"}],"wp:featuredmedia":[{"embeddable":true,"href":"https:\/\/kronpriserna.fi\/fi\/wp-json\/wp\/v2\/media\/3978"}],"wp:attachment":[{"href":"https:\/\/kronpriserna.fi\/fi\/wp-json\/wp\/v2\/media?parent=4645"}],"wp:term":[{"taxonomy":"product_brand","embeddable":true,"href":"https:\/\/kronpriserna.fi\/fi\/wp-json\/wp\/v2\/product_brand?post=4645"},{"taxonomy":"product_cat","embeddable":true,"href":"https:\/\/kronpriserna.fi\/fi\/wp-json\/wp\/v2\/product_cat?post=4645"},{"taxonomy":"product_tag","embeddable":true,"href":"https:\/\/kronpriserna.fi\/fi\/wp-json\/wp\/v2\/product_tag?post=4645"}],"curies":[{"name":"wp","href":"https:\/\/api.w.org\/{rel}","templated":true}]}}