{"id":4747,"date":"2018-08-22T16:27:32","date_gmt":"2018-08-22T14:27:32","guid":{"rendered":"https:\/\/kronpriserna.fi\/produkt\/korsnas\/"},"modified":"2025-04-25T21:57:43","modified_gmt":"2025-04-25T19:57:43","slug":"korsnas","status":"publish","type":"product","link":"https:\/\/kronpriserna.fi\/fi\/tuote\/korsnas\/","title":{"rendered":"Korsn\u00e4s"},"content":{"rendered":"","protected":false},"excerpt":{"rendered":"<div>\n<p>Pokaali valkoisella marmorisokkelilla.<br \/>\nV\u00e4rivaihtoehdot: Hopea ja pronssi, kulta ei en\u00e4\u00e4 ole saatavilla.<br \/>\nKoko: 130 mm.<\/p>\n<\/div>\n","protected":false},"featured_media":3900,"template":"","meta":[],"product_brand":[],"product_cat":[224],"product_tag":[],"class_list":{"0":"post-4747","1":"product","2":"type-product","3":"status-publish","4":"has-post-thumbnail","6":"product_cat-pokaalit","8":"first","9":"instock","10":"shipping-taxable","11":"purchasable","12":"product-type-variable"},"_links":{"self":[{"href":"https:\/\/kronpriserna.fi\/fi\/wp-json\/wp\/v2\/product\/4747","targetHints":{"allow":["GET"]}}],"collection":[{"href":"https:\/\/kronpriserna.fi\/fi\/wp-json\/wp\/v2\/product"}],"about":[{"href":"https:\/\/kronpriserna.fi\/fi\/wp-json\/wp\/v2\/types\/product"}],"version-history":[{"count":1,"href":"https:\/\/kronpriserna.fi\/fi\/wp-json\/wp\/v2\/product\/4747\/revisions"}],"predecessor-version":[{"id":10461,"href":"https:\/\/kronpriserna.fi\/fi\/wp-json\/wp\/v2\/product\/4747\/revisions\/10461"}],"wp:featuredmedia":[{"embeddable":true,"href":"https:\/\/kronpriserna.fi\/fi\/wp-json\/wp\/v2\/media\/3900"}],"wp:attachment":[{"href":"https:\/\/kronpriserna.fi\/fi\/wp-json\/wp\/v2\/media?parent=4747"}],"wp:term":[{"taxonomy":"product_brand","embeddable":true,"href":"https:\/\/kronpriserna.fi\/fi\/wp-json\/wp\/v2\/product_brand?post=4747"},{"taxonomy":"product_cat","embeddable":true,"href":"https:\/\/kronpriserna.fi\/fi\/wp-json\/wp\/v2\/product_cat?post=4747"},{"taxonomy":"product_tag","embeddable":true,"href":"https:\/\/kronpriserna.fi\/fi\/wp-json\/wp\/v2\/product_tag?post=4747"}],"curies":[{"name":"wp","href":"https:\/\/api.w.org\/{rel}","templated":true}]}}