{"id":4799,"date":"2021-11-20T20:55:04","date_gmt":"2021-11-20T19:06:40","guid":{"rendered":"https:\/\/kronpriserna.fi\/produkt\/giganten\/"},"modified":"2022-09-05T08:29:48","modified_gmt":"2022-09-05T06:29:48","slug":"jatti","status":"publish","type":"product","link":"https:\/\/kronpriserna.fi\/fi\/tuote\/jatti\/","title":{"rendered":"J\u00e4tti"},"content":{"rendered":"","protected":false},"excerpt":{"rendered":"<p>T\u00e4m\u00e4 massiivinen pokaali sopii mainiosti kiertopalkinnoksi.<\/p>\n<p>Korkeus yhteens\u00e4 670 mm, josta kuppi 140 mm. Marmorisokkeli 235 x 110 x 30 mm.<\/p>\n","protected":false},"featured_media":4796,"template":"","meta":[],"product_brand":[],"product_cat":[209,224],"product_tag":[],"class_list":{"0":"post-4799","1":"product","2":"type-product","3":"status-publish","4":"has-post-thumbnail","6":"product_cat-kiertopalkinnot","7":"product_cat-pokaalit","9":"first","10":"instock","11":"shipping-taxable","12":"purchasable","13":"product-type-simple"},"_links":{"self":[{"href":"https:\/\/kronpriserna.fi\/fi\/wp-json\/wp\/v2\/product\/4799","targetHints":{"allow":["GET"]}}],"collection":[{"href":"https:\/\/kronpriserna.fi\/fi\/wp-json\/wp\/v2\/product"}],"about":[{"href":"https:\/\/kronpriserna.fi\/fi\/wp-json\/wp\/v2\/types\/product"}],"version-history":[{"count":0,"href":"https:\/\/kronpriserna.fi\/fi\/wp-json\/wp\/v2\/product\/4799\/revisions"}],"wp:featuredmedia":[{"embeddable":true,"href":"https:\/\/kronpriserna.fi\/fi\/wp-json\/wp\/v2\/media\/4796"}],"wp:attachment":[{"href":"https:\/\/kronpriserna.fi\/fi\/wp-json\/wp\/v2\/media?parent=4799"}],"wp:term":[{"taxonomy":"product_brand","embeddable":true,"href":"https:\/\/kronpriserna.fi\/fi\/wp-json\/wp\/v2\/product_brand?post=4799"},{"taxonomy":"product_cat","embeddable":true,"href":"https:\/\/kronpriserna.fi\/fi\/wp-json\/wp\/v2\/product_cat?post=4799"},{"taxonomy":"product_tag","embeddable":true,"href":"https:\/\/kronpriserna.fi\/fi\/wp-json\/wp\/v2\/product_tag?post=4799"}],"curies":[{"name":"wp","href":"https:\/\/api.w.org\/{rel}","templated":true}]}}