{"id":4988,"date":"2017-11-01T16:19:14","date_gmt":"2017-11-01T14:19:14","guid":{"rendered":"https:\/\/kronpriserna.fi\/produkt\/helmet-tape\/"},"modified":"2024-10-05T17:50:43","modified_gmt":"2024-10-05T15:50:43","slug":"helmet-tape","status":"publish","type":"product","link":"https:\/\/kronpriserna.fi\/fi\/tuote\/helmet-tape\/","title":{"rendered":"Helmet tape"},"content":{"rendered":"","protected":false},"excerpt":{"rendered":"<div> Tape lis\u00e4tarvike: kyp\u00e4r\u00e4 marmorialustalla. Pokaalin tai patsaan lis\u00e4tarvikkeena hinta ilmoitetaan erikseen. <\/div>\n","protected":false},"featured_media":3718,"template":"","meta":[],"product_brand":[],"product_cat":[206],"product_tag":[388,325,389],"class_list":{"0":"post-4988","1":"product","2":"type-product","3":"status-publish","4":"has-post-thumbnail","6":"product_cat-tape-fi","7":"product_tag-lisatarvike","8":"product_tag-moottoriurheilu-fi","9":"product_tag-tape-fi","11":"first","12":"instock","13":"shipping-taxable","14":"purchasable","15":"product-type-simple"},"_links":{"self":[{"href":"https:\/\/kronpriserna.fi\/fi\/wp-json\/wp\/v2\/product\/4988","targetHints":{"allow":["GET"]}}],"collection":[{"href":"https:\/\/kronpriserna.fi\/fi\/wp-json\/wp\/v2\/product"}],"about":[{"href":"https:\/\/kronpriserna.fi\/fi\/wp-json\/wp\/v2\/types\/product"}],"version-history":[{"count":1,"href":"https:\/\/kronpriserna.fi\/fi\/wp-json\/wp\/v2\/product\/4988\/revisions"}],"predecessor-version":[{"id":10069,"href":"https:\/\/kronpriserna.fi\/fi\/wp-json\/wp\/v2\/product\/4988\/revisions\/10069"}],"wp:featuredmedia":[{"embeddable":true,"href":"https:\/\/kronpriserna.fi\/fi\/wp-json\/wp\/v2\/media\/3718"}],"wp:attachment":[{"href":"https:\/\/kronpriserna.fi\/fi\/wp-json\/wp\/v2\/media?parent=4988"}],"wp:term":[{"taxonomy":"product_brand","embeddable":true,"href":"https:\/\/kronpriserna.fi\/fi\/wp-json\/wp\/v2\/product_brand?post=4988"},{"taxonomy":"product_cat","embeddable":true,"href":"https:\/\/kronpriserna.fi\/fi\/wp-json\/wp\/v2\/product_cat?post=4988"},{"taxonomy":"product_tag","embeddable":true,"href":"https:\/\/kronpriserna.fi\/fi\/wp-json\/wp\/v2\/product_tag?post=4988"}],"curies":[{"name":"wp","href":"https:\/\/api.w.org\/{rel}","templated":true}]}}