{"id":5035,"date":"2017-10-04T12:55:30","date_gmt":"2017-10-04T10:55:30","guid":{"rendered":"https:\/\/kronpriserna.fi\/produkt\/golf-swing-one\/"},"modified":"2021-11-22T16:09:52","modified_gmt":"2021-11-22T14:09:52","slug":"golf-swing-1-2","status":"publish","type":"product","link":"https:\/\/kronpriserna.fi\/fi\/tuote\/golf-swing-1-2\/","title":{"rendered":"Golf swing one"},"content":{"rendered":"","protected":false},"excerpt":{"rendered":"<div>\n<p>Kultainen golf swing-henkil\u00f6, jolla ponih\u00e4nt\u00e4<\/p>\n<\/div>\n","protected":false},"featured_media":3654,"template":"","meta":[],"product_brand":[],"product_cat":[237,220],"product_tag":[366],"class_list":{"0":"post-5035","1":"product","2":"type-product","3":"status-publish","4":"has-post-thumbnail","6":"product_cat-golf-fi","7":"product_cat-patsaat","8":"product_tag-golf-fi","10":"first","11":"instock","12":"shipping-taxable","13":"purchasable","14":"product-type-variable"},"_links":{"self":[{"href":"https:\/\/kronpriserna.fi\/fi\/wp-json\/wp\/v2\/product\/5035","targetHints":{"allow":["GET"]}}],"collection":[{"href":"https:\/\/kronpriserna.fi\/fi\/wp-json\/wp\/v2\/product"}],"about":[{"href":"https:\/\/kronpriserna.fi\/fi\/wp-json\/wp\/v2\/types\/product"}],"version-history":[{"count":0,"href":"https:\/\/kronpriserna.fi\/fi\/wp-json\/wp\/v2\/product\/5035\/revisions"}],"wp:featuredmedia":[{"embeddable":true,"href":"https:\/\/kronpriserna.fi\/fi\/wp-json\/wp\/v2\/media\/3654"}],"wp:attachment":[{"href":"https:\/\/kronpriserna.fi\/fi\/wp-json\/wp\/v2\/media?parent=5035"}],"wp:term":[{"taxonomy":"product_brand","embeddable":true,"href":"https:\/\/kronpriserna.fi\/fi\/wp-json\/wp\/v2\/product_brand?post=5035"},{"taxonomy":"product_cat","embeddable":true,"href":"https:\/\/kronpriserna.fi\/fi\/wp-json\/wp\/v2\/product_cat?post=5035"},{"taxonomy":"product_tag","embeddable":true,"href":"https:\/\/kronpriserna.fi\/fi\/wp-json\/wp\/v2\/product_tag?post=5035"}],"curies":[{"name":"wp","href":"https:\/\/api.w.org\/{rel}","templated":true}]}}