{"id":5100,"date":"2017-06-19T12:25:38","date_gmt":"2021-11-22T14:48:02","guid":{"rendered":"https:\/\/kronpriserna.fi\/produkt\/mitalinauhat-deluxe\/"},"modified":"2021-11-22T16:48:02","modified_gmt":"2021-11-22T14:48:02","slug":"mitalinauha-gold-medaljband-2","status":"publish","type":"product","link":"https:\/\/kronpriserna.fi\/fi\/tuote\/mitalinauha-gold-medaljband-2\/","title":{"rendered":"Mitalinauhat Deluxe"},"content":{"rendered":"","protected":false},"excerpt":{"rendered":"<p>Mitalinauhat, muista valita v\u00e4ri.<\/p>\n<p>Kulta, hopea ja pronssi.<\/p>\n<p>Kirjoita v\u00e4ri kaiverruskentt\u00e4\u00e4n<\/p>\n","protected":false},"featured_media":3424,"template":"","meta":[],"product_brand":[],"product_cat":[214],"product_tag":[334],"class_list":{"0":"post-5100","1":"product","2":"type-product","3":"status-publish","4":"has-post-thumbnail","6":"product_cat-mitalinauhat","7":"product_tag-mitalinauha-fi","9":"first","10":"instock","11":"shipping-taxable","12":"purchasable","13":"product-type-simple"},"_links":{"self":[{"href":"https:\/\/kronpriserna.fi\/fi\/wp-json\/wp\/v2\/product\/5100","targetHints":{"allow":["GET"]}}],"collection":[{"href":"https:\/\/kronpriserna.fi\/fi\/wp-json\/wp\/v2\/product"}],"about":[{"href":"https:\/\/kronpriserna.fi\/fi\/wp-json\/wp\/v2\/types\/product"}],"version-history":[{"count":0,"href":"https:\/\/kronpriserna.fi\/fi\/wp-json\/wp\/v2\/product\/5100\/revisions"}],"wp:featuredmedia":[{"embeddable":true,"href":"https:\/\/kronpriserna.fi\/fi\/wp-json\/wp\/v2\/media\/3424"}],"wp:attachment":[{"href":"https:\/\/kronpriserna.fi\/fi\/wp-json\/wp\/v2\/media?parent=5100"}],"wp:term":[{"taxonomy":"product_brand","embeddable":true,"href":"https:\/\/kronpriserna.fi\/fi\/wp-json\/wp\/v2\/product_brand?post=5100"},{"taxonomy":"product_cat","embeddable":true,"href":"https:\/\/kronpriserna.fi\/fi\/wp-json\/wp\/v2\/product_cat?post=5100"},{"taxonomy":"product_tag","embeddable":true,"href":"https:\/\/kronpriserna.fi\/fi\/wp-json\/wp\/v2\/product_tag?post=5100"}],"curies":[{"name":"wp","href":"https:\/\/api.w.org\/{rel}","templated":true}]}}