{"id":5111,"date":"2017-06-19T12:30:35","date_gmt":"2017-06-19T10:30:35","guid":{"rendered":"https:\/\/kronpriserna.fi\/produkt\/mitalinauha-levea\/"},"modified":"2022-10-13T20:24:49","modified_gmt":"2022-10-13T18:24:49","slug":"levea-mitalinauha-brett-medaljband","status":"publish","type":"product","link":"https:\/\/kronpriserna.fi\/fi\/tuote\/levea-mitalinauha-brett-medaljband\/","title":{"rendered":"Mitalinauha, leve\u00e4"},"content":{"rendered":"","protected":false},"excerpt":{"rendered":"<p><strong> Ilmoita valitsemasi v\u00e4ri tekstikentt\u00e4\u00e4n!<\/strong><\/p>\n<p>Sinivalkoinen<br \/>\nMustavalkoinen<br \/>\nOranssi-musta<br \/>\nOranssi-valkoinen<br \/>\nVaaleanpunainen<br \/>\nPunainen<br \/>\nPunainen-valkoinen<br \/>\nPunainen-keltainen<br \/>\nVihre\u00e4-keltainen<br \/>\nVihre\u00e4-valkoinen<br \/>\nSininen-valkoinen-punainen<\/p>\n","protected":false},"featured_media":3434,"template":"","meta":[],"product_brand":[],"product_cat":[214],"product_tag":[334],"class_list":{"0":"post-5111","1":"product","2":"type-product","3":"status-publish","4":"has-post-thumbnail","6":"product_cat-mitalinauhat","7":"product_tag-mitalinauha-fi","9":"first","10":"instock","11":"shipping-taxable","12":"purchasable","13":"product-type-simple"},"_links":{"self":[{"href":"https:\/\/kronpriserna.fi\/fi\/wp-json\/wp\/v2\/product\/5111","targetHints":{"allow":["GET"]}}],"collection":[{"href":"https:\/\/kronpriserna.fi\/fi\/wp-json\/wp\/v2\/product"}],"about":[{"href":"https:\/\/kronpriserna.fi\/fi\/wp-json\/wp\/v2\/types\/product"}],"version-history":[{"count":0,"href":"https:\/\/kronpriserna.fi\/fi\/wp-json\/wp\/v2\/product\/5111\/revisions"}],"wp:featuredmedia":[{"embeddable":true,"href":"https:\/\/kronpriserna.fi\/fi\/wp-json\/wp\/v2\/media\/3434"}],"wp:attachment":[{"href":"https:\/\/kronpriserna.fi\/fi\/wp-json\/wp\/v2\/media?parent=5111"}],"wp:term":[{"taxonomy":"product_brand","embeddable":true,"href":"https:\/\/kronpriserna.fi\/fi\/wp-json\/wp\/v2\/product_brand?post=5111"},{"taxonomy":"product_cat","embeddable":true,"href":"https:\/\/kronpriserna.fi\/fi\/wp-json\/wp\/v2\/product_cat?post=5111"},{"taxonomy":"product_tag","embeddable":true,"href":"https:\/\/kronpriserna.fi\/fi\/wp-json\/wp\/v2\/product_tag?post=5111"}],"curies":[{"name":"wp","href":"https:\/\/api.w.org\/{rel}","templated":true}]}}