{"id":5127,"date":"2017-08-16T14:02:27","date_gmt":"2017-08-16T17:02:27","guid":{"rendered":"https:\/\/kronpriserna.fi\/produkt\/mitalinauhat-lyhyet\/"},"modified":"2022-10-13T20:17:58","modified_gmt":"2022-10-13T18:17:58","slug":"lyhyet-mitalinauhat-korta-medaljband","status":"publish","type":"product","link":"https:\/\/kronpriserna.fi\/fi\/tuote\/lyhyet-mitalinauhat-korta-medaljband\/","title":{"rendered":"Mitalinauhat, lyhyet"},"content":{"rendered":"","protected":false},"excerpt":{"rendered":"<p>Lyhyet mitalinauhat kiinnitet\u00e4\u00e4n rinnalle.<\/p>\n<p><strong>V\u00e4rivaihtoehdot esim:<\/strong><\/p>\n<p>Sinivalkoinen<br \/>\nPunainen-keltainen<br \/>\nMustavalkoinen<br \/>\nMustakeltainen<\/p>\n<p>Useimmat v\u00e4riyhdistelm\u00e4t ovat mahdollisia &#8211; kysy omien v\u00e4rien saatavuudesta!<\/p>\n","protected":false},"featured_media":3814,"template":"","meta":[],"product_brand":[],"product_cat":[214],"product_tag":[],"class_list":{"0":"post-5127","1":"product","2":"type-product","3":"status-publish","4":"has-post-thumbnail","6":"product_cat-mitalinauhat","8":"first","9":"instock","10":"shipping-taxable","11":"purchasable","12":"product-type-variable"},"_links":{"self":[{"href":"https:\/\/kronpriserna.fi\/fi\/wp-json\/wp\/v2\/product\/5127","targetHints":{"allow":["GET"]}}],"collection":[{"href":"https:\/\/kronpriserna.fi\/fi\/wp-json\/wp\/v2\/product"}],"about":[{"href":"https:\/\/kronpriserna.fi\/fi\/wp-json\/wp\/v2\/types\/product"}],"version-history":[{"count":0,"href":"https:\/\/kronpriserna.fi\/fi\/wp-json\/wp\/v2\/product\/5127\/revisions"}],"wp:featuredmedia":[{"embeddable":true,"href":"https:\/\/kronpriserna.fi\/fi\/wp-json\/wp\/v2\/media\/3814"}],"wp:attachment":[{"href":"https:\/\/kronpriserna.fi\/fi\/wp-json\/wp\/v2\/media?parent=5127"}],"wp:term":[{"taxonomy":"product_brand","embeddable":true,"href":"https:\/\/kronpriserna.fi\/fi\/wp-json\/wp\/v2\/product_brand?post=5127"},{"taxonomy":"product_cat","embeddable":true,"href":"https:\/\/kronpriserna.fi\/fi\/wp-json\/wp\/v2\/product_cat?post=5127"},{"taxonomy":"product_tag","embeddable":true,"href":"https:\/\/kronpriserna.fi\/fi\/wp-json\/wp\/v2\/product_tag?post=5127"}],"curies":[{"name":"wp","href":"https:\/\/api.w.org\/{rel}","templated":true}]}}