{"id":6846,"date":"2021-12-07T21:22:58","date_gmt":"2021-12-07T19:22:58","guid":{"rendered":"https:\/\/kronpriserna.fi\/?post_type=product&#038;p=6846"},"modified":"2025-08-16T23:08:40","modified_gmt":"2025-08-16T21:08:40","slug":"lapland","status":"publish","type":"product","link":"https:\/\/kronpriserna.fi\/fi\/tuote\/lapland\/","title":{"rendered":"Lapland"},"content":{"rendered":"","protected":false},"excerpt":{"rendered":"<p><strong>Tyylik\u00e4s pokaali, joka sopii mainiosti my\u00f6s kiertopalkinnoksi.<\/strong><br \/>\nVoidaan my\u00f6s toimittaa kannella (pyyd\u00e4 lis\u00e4tietoja), jolloin mukana tulee lajitunnus.<\/p>\n","protected":false},"featured_media":6852,"template":"","meta":[],"product_brand":[],"product_cat":[209,224],"product_tag":[],"class_list":{"0":"post-6846","1":"product","2":"type-product","3":"status-publish","4":"has-post-thumbnail","6":"product_cat-kiertopalkinnot","7":"product_cat-pokaalit","9":"first","10":"instock","11":"shipping-taxable","12":"purchasable","13":"product-type-variable"},"_links":{"self":[{"href":"https:\/\/kronpriserna.fi\/fi\/wp-json\/wp\/v2\/product\/6846","targetHints":{"allow":["GET"]}}],"collection":[{"href":"https:\/\/kronpriserna.fi\/fi\/wp-json\/wp\/v2\/product"}],"about":[{"href":"https:\/\/kronpriserna.fi\/fi\/wp-json\/wp\/v2\/types\/product"}],"version-history":[{"count":1,"href":"https:\/\/kronpriserna.fi\/fi\/wp-json\/wp\/v2\/product\/6846\/revisions"}],"predecessor-version":[{"id":10498,"href":"https:\/\/kronpriserna.fi\/fi\/wp-json\/wp\/v2\/product\/6846\/revisions\/10498"}],"wp:featuredmedia":[{"embeddable":true,"href":"https:\/\/kronpriserna.fi\/fi\/wp-json\/wp\/v2\/media\/6852"}],"wp:attachment":[{"href":"https:\/\/kronpriserna.fi\/fi\/wp-json\/wp\/v2\/media?parent=6846"}],"wp:term":[{"taxonomy":"product_brand","embeddable":true,"href":"https:\/\/kronpriserna.fi\/fi\/wp-json\/wp\/v2\/product_brand?post=6846"},{"taxonomy":"product_cat","embeddable":true,"href":"https:\/\/kronpriserna.fi\/fi\/wp-json\/wp\/v2\/product_cat?post=6846"},{"taxonomy":"product_tag","embeddable":true,"href":"https:\/\/kronpriserna.fi\/fi\/wp-json\/wp\/v2\/product_tag?post=6846"}],"curies":[{"name":"wp","href":"https:\/\/api.w.org\/{rel}","templated":true}]}}