{"id":8344,"date":"2022-12-27T23:26:53","date_gmt":"2022-12-27T21:26:53","guid":{"rendered":"https:\/\/kronpriserna.fi\/?post_type=product&#038;p=8344"},"modified":"2022-12-28T13:07:05","modified_gmt":"2022-12-28T11:07:05","slug":"ruka","status":"publish","type":"product","link":"https:\/\/kronpriserna.fi\/fi\/tuote\/ruka\/","title":{"rendered":"Ruka"},"content":{"rendered":"","protected":false},"excerpt":{"rendered":"<p>Kultaisessa pokaalissa on kultainen t\u00e4hti ja kokonaisuus on todellinen silm\u00e4npisto! Elegantin muotoilunsa takia, t\u00e4m\u00e4 pokaali sopii hienosti kaikkiin tilaisuuksiin.<\/p>\n<p>Lajitunnus 25 mm. Lajitunnus voi kuva omasta lajista, tai esim. seuran logo.<\/p>\n","protected":false},"featured_media":8362,"template":"","meta":[],"product_brand":[],"product_cat":[224],"product_tag":[],"class_list":{"0":"post-8344","1":"product","2":"type-product","3":"status-publish","4":"has-post-thumbnail","6":"product_cat-pokaalit","8":"first","9":"instock","10":"shipping-taxable","11":"purchasable","12":"product-type-variable"},"_links":{"self":[{"href":"https:\/\/kronpriserna.fi\/fi\/wp-json\/wp\/v2\/product\/8344","targetHints":{"allow":["GET"]}}],"collection":[{"href":"https:\/\/kronpriserna.fi\/fi\/wp-json\/wp\/v2\/product"}],"about":[{"href":"https:\/\/kronpriserna.fi\/fi\/wp-json\/wp\/v2\/types\/product"}],"version-history":[{"count":0,"href":"https:\/\/kronpriserna.fi\/fi\/wp-json\/wp\/v2\/product\/8344\/revisions"}],"wp:featuredmedia":[{"embeddable":true,"href":"https:\/\/kronpriserna.fi\/fi\/wp-json\/wp\/v2\/media\/8362"}],"wp:attachment":[{"href":"https:\/\/kronpriserna.fi\/fi\/wp-json\/wp\/v2\/media?parent=8344"}],"wp:term":[{"taxonomy":"product_brand","embeddable":true,"href":"https:\/\/kronpriserna.fi\/fi\/wp-json\/wp\/v2\/product_brand?post=8344"},{"taxonomy":"product_cat","embeddable":true,"href":"https:\/\/kronpriserna.fi\/fi\/wp-json\/wp\/v2\/product_cat?post=8344"},{"taxonomy":"product_tag","embeddable":true,"href":"https:\/\/kronpriserna.fi\/fi\/wp-json\/wp\/v2\/product_tag?post=8344"}],"curies":[{"name":"wp","href":"https:\/\/api.w.org\/{rel}","templated":true}]}}