{"id":8540,"date":"2023-01-11T22:11:18","date_gmt":"2023-01-11T20:11:18","guid":{"rendered":"https:\/\/kronpriserna.fi\/?post_type=product&#038;p=8540"},"modified":"2023-01-13T10:52:11","modified_gmt":"2023-01-13T08:52:11","slug":"glasgow","status":"publish","type":"product","link":"https:\/\/kronpriserna.fi\/fi\/tuote\/glasgow\/","title":{"rendered":"Glasgow"},"content":{"rendered":"","protected":false},"excerpt":{"rendered":"<p><strong>L\u00e4pin\u00e4kyv\u00e4 lasipatsas<\/strong><br \/>\nKaiverrus ja 70 mm lajitunnus kuuluu hintaan.<\/p>\n","protected":false},"featured_media":3692,"template":"","meta":[],"product_brand":[],"product_cat":[210],"product_tag":[330,320],"class_list":{"0":"post-8540","1":"product","2":"type-product","3":"status-publish","4":"has-post-thumbnail","6":"product_cat-lasit","7":"product_tag-lajitunnus-70mm-fi","8":"product_tag-lasi-fi","10":"first","11":"instock","12":"shipping-taxable","13":"purchasable","14":"product-type-variable"},"_links":{"self":[{"href":"https:\/\/kronpriserna.fi\/fi\/wp-json\/wp\/v2\/product\/8540","targetHints":{"allow":["GET"]}}],"collection":[{"href":"https:\/\/kronpriserna.fi\/fi\/wp-json\/wp\/v2\/product"}],"about":[{"href":"https:\/\/kronpriserna.fi\/fi\/wp-json\/wp\/v2\/types\/product"}],"version-history":[{"count":0,"href":"https:\/\/kronpriserna.fi\/fi\/wp-json\/wp\/v2\/product\/8540\/revisions"}],"wp:featuredmedia":[{"embeddable":true,"href":"https:\/\/kronpriserna.fi\/fi\/wp-json\/wp\/v2\/media\/3692"}],"wp:attachment":[{"href":"https:\/\/kronpriserna.fi\/fi\/wp-json\/wp\/v2\/media?parent=8540"}],"wp:term":[{"taxonomy":"product_brand","embeddable":true,"href":"https:\/\/kronpriserna.fi\/fi\/wp-json\/wp\/v2\/product_brand?post=8540"},{"taxonomy":"product_cat","embeddable":true,"href":"https:\/\/kronpriserna.fi\/fi\/wp-json\/wp\/v2\/product_cat?post=8540"},{"taxonomy":"product_tag","embeddable":true,"href":"https:\/\/kronpriserna.fi\/fi\/wp-json\/wp\/v2\/product_tag?post=8540"}],"curies":[{"name":"wp","href":"https:\/\/api.w.org\/{rel}","templated":true}]}}