{"id":8942,"date":"2023-08-30T21:28:25","date_gmt":"2023-08-30T19:28:25","guid":{"rendered":"https:\/\/kronpriserna.fi\/?post_type=product&#038;p=8942"},"modified":"2023-10-01T00:51:51","modified_gmt":"2023-09-30T22:51:51","slug":"golden-soccer-award-kopia","status":"publish","type":"product","link":"https:\/\/kronpriserna.fi\/fi\/tuote\/golden-soccer-award-kopia\/","title":{"rendered":"Soccer star"},"content":{"rendered":"","protected":false},"excerpt":{"rendered":"<p>Patsas jossa kolme kullanv\u00e4rist\u00e4 t\u00e4hte\u00e4, mustavalkoinen jalkapallo, marmorijalka.<br \/>\nKorkeus: 90 mm<\/p>\n","protected":false},"featured_media":8945,"template":"","meta":[],"product_brand":[],"product_cat":[244,220],"product_tag":[363],"class_list":{"0":"post-8942","1":"product","2":"type-product","3":"status-publish","4":"has-post-thumbnail","6":"product_cat-jalkapallo","7":"product_cat-patsaat","8":"product_tag-jalkapallo-fi","10":"first","11":"instock","12":"shipping-taxable","13":"purchasable","14":"product-type-simple"},"_links":{"self":[{"href":"https:\/\/kronpriserna.fi\/fi\/wp-json\/wp\/v2\/product\/8942","targetHints":{"allow":["GET"]}}],"collection":[{"href":"https:\/\/kronpriserna.fi\/fi\/wp-json\/wp\/v2\/product"}],"about":[{"href":"https:\/\/kronpriserna.fi\/fi\/wp-json\/wp\/v2\/types\/product"}],"version-history":[{"count":1,"href":"https:\/\/kronpriserna.fi\/fi\/wp-json\/wp\/v2\/product\/8942\/revisions"}],"predecessor-version":[{"id":8948,"href":"https:\/\/kronpriserna.fi\/fi\/wp-json\/wp\/v2\/product\/8942\/revisions\/8948"}],"wp:featuredmedia":[{"embeddable":true,"href":"https:\/\/kronpriserna.fi\/fi\/wp-json\/wp\/v2\/media\/8945"}],"wp:attachment":[{"href":"https:\/\/kronpriserna.fi\/fi\/wp-json\/wp\/v2\/media?parent=8942"}],"wp:term":[{"taxonomy":"product_brand","embeddable":true,"href":"https:\/\/kronpriserna.fi\/fi\/wp-json\/wp\/v2\/product_brand?post=8942"},{"taxonomy":"product_cat","embeddable":true,"href":"https:\/\/kronpriserna.fi\/fi\/wp-json\/wp\/v2\/product_cat?post=8942"},{"taxonomy":"product_tag","embeddable":true,"href":"https:\/\/kronpriserna.fi\/fi\/wp-json\/wp\/v2\/product_tag?post=8942"}],"curies":[{"name":"wp","href":"https:\/\/api.w.org\/{rel}","templated":true}]}}