{"id":9268,"date":"2023-11-15T22:39:39","date_gmt":"2023-11-15T20:39:39","guid":{"rendered":"https:\/\/kronpriserna.fi\/?post_type=product&#038;p=9268"},"modified":"2023-11-15T22:51:28","modified_gmt":"2023-11-15T20:51:28","slug":"split","status":"publish","type":"product","link":"https:\/\/kronpriserna.fi\/fi\/tuote\/split\/","title":{"rendered":"Split"},"content":{"rendered":"","protected":false},"excerpt":{"rendered":"<p>Edullinen jalkapallopalkinto kolmessa koossa.<\/p>\n<p><em>Rajoitettu m\u00e4\u00e4r\u00e4<\/em><\/p>\n","protected":false},"featured_media":9283,"template":"","meta":[],"product_brand":[],"product_cat":[224],"product_tag":[],"class_list":{"0":"post-9268","1":"product","2":"type-product","3":"status-publish","4":"has-post-thumbnail","6":"product_cat-pokaalit","8":"first","9":"instock","10":"shipping-taxable","11":"purchasable","12":"product-type-variable"},"_links":{"self":[{"href":"https:\/\/kronpriserna.fi\/fi\/wp-json\/wp\/v2\/product\/9268","targetHints":{"allow":["GET"]}}],"collection":[{"href":"https:\/\/kronpriserna.fi\/fi\/wp-json\/wp\/v2\/product"}],"about":[{"href":"https:\/\/kronpriserna.fi\/fi\/wp-json\/wp\/v2\/types\/product"}],"version-history":[{"count":1,"href":"https:\/\/kronpriserna.fi\/fi\/wp-json\/wp\/v2\/product\/9268\/revisions"}],"predecessor-version":[{"id":9279,"href":"https:\/\/kronpriserna.fi\/fi\/wp-json\/wp\/v2\/product\/9268\/revisions\/9279"}],"wp:featuredmedia":[{"embeddable":true,"href":"https:\/\/kronpriserna.fi\/fi\/wp-json\/wp\/v2\/media\/9283"}],"wp:attachment":[{"href":"https:\/\/kronpriserna.fi\/fi\/wp-json\/wp\/v2\/media?parent=9268"}],"wp:term":[{"taxonomy":"product_brand","embeddable":true,"href":"https:\/\/kronpriserna.fi\/fi\/wp-json\/wp\/v2\/product_brand?post=9268"},{"taxonomy":"product_cat","embeddable":true,"href":"https:\/\/kronpriserna.fi\/fi\/wp-json\/wp\/v2\/product_cat?post=9268"},{"taxonomy":"product_tag","embeddable":true,"href":"https:\/\/kronpriserna.fi\/fi\/wp-json\/wp\/v2\/product_tag?post=9268"}],"curies":[{"name":"wp","href":"https:\/\/api.w.org\/{rel}","templated":true}]}}