{"id":9416,"date":"2024-03-03T21:06:20","date_gmt":"2024-03-03T19:06:20","guid":{"rendered":"https:\/\/kronpriserna.fi\/?post_type=product&#038;p=9416"},"modified":"2024-03-03T21:41:11","modified_gmt":"2024-03-03T19:41:11","slug":"mustasaari","status":"publish","type":"product","link":"https:\/\/kronpriserna.fi\/fi\/tuote\/mustasaari\/","title":{"rendered":"Mustasaari"},"content":{"rendered":"","protected":false},"excerpt":{"rendered":"<p>Ulkopuolelta kullan ja hopean v\u00e4rinen, sis\u00e4lt\u00e4 kauniin kuparin v\u00e4rinen.<\/p>\n<p>Tyylik\u00e4s kokonaisuus mustalla marmorialustalla.<\/p>\n","protected":false},"featured_media":9422,"template":"","meta":[],"product_brand":[],"product_cat":[224],"product_tag":[],"class_list":{"0":"post-9416","1":"product","2":"type-product","3":"status-publish","4":"has-post-thumbnail","6":"product_cat-pokaalit","8":"first","9":"instock","10":"shipping-taxable","11":"purchasable","12":"product-type-variable"},"_links":{"self":[{"href":"https:\/\/kronpriserna.fi\/fi\/wp-json\/wp\/v2\/product\/9416","targetHints":{"allow":["GET"]}}],"collection":[{"href":"https:\/\/kronpriserna.fi\/fi\/wp-json\/wp\/v2\/product"}],"about":[{"href":"https:\/\/kronpriserna.fi\/fi\/wp-json\/wp\/v2\/types\/product"}],"version-history":[{"count":2,"href":"https:\/\/kronpriserna.fi\/fi\/wp-json\/wp\/v2\/product\/9416\/revisions"}],"predecessor-version":[{"id":9431,"href":"https:\/\/kronpriserna.fi\/fi\/wp-json\/wp\/v2\/product\/9416\/revisions\/9431"}],"wp:featuredmedia":[{"embeddable":true,"href":"https:\/\/kronpriserna.fi\/fi\/wp-json\/wp\/v2\/media\/9422"}],"wp:attachment":[{"href":"https:\/\/kronpriserna.fi\/fi\/wp-json\/wp\/v2\/media?parent=9416"}],"wp:term":[{"taxonomy":"product_brand","embeddable":true,"href":"https:\/\/kronpriserna.fi\/fi\/wp-json\/wp\/v2\/product_brand?post=9416"},{"taxonomy":"product_cat","embeddable":true,"href":"https:\/\/kronpriserna.fi\/fi\/wp-json\/wp\/v2\/product_cat?post=9416"},{"taxonomy":"product_tag","embeddable":true,"href":"https:\/\/kronpriserna.fi\/fi\/wp-json\/wp\/v2\/product_tag?post=9416"}],"curies":[{"name":"wp","href":"https:\/\/api.w.org\/{rel}","templated":true}]}}