{"id":9656,"date":"2024-06-26T20:55:34","date_gmt":"2024-06-26T18:55:34","guid":{"rendered":"https:\/\/kronpriserna.fi\/?post_type=product&#038;p=9656"},"modified":"2025-01-21T23:10:40","modified_gmt":"2025-01-21T21:10:40","slug":"oak","status":"publish","type":"product","link":"https:\/\/kronpriserna.fi\/fi\/tuote\/oak\/","title":{"rendered":"Oak"},"content":{"rendered":"","protected":false},"excerpt":{"rendered":"<p>T\u00e4ss\u00e4 tuotteessa, lasi ja puu yhdistyv\u00e4t tyylikk\u00e4\u00e4ksi patsaaksi!<\/p>\n<p>Kaiverrus kuuluu hintaan.<\/p>\n<p>Korkeus: 180 mm<br \/>\nLeveys: 150 mm<\/p>\n<p>(Huomioithan, ett\u00e4 tuotekuva on otettu tummaa taustaa vasten)<\/p>\n","protected":false},"featured_media":9659,"template":"","meta":[],"product_brand":[],"product_cat":[210,217],"product_tag":[],"class_list":{"0":"post-9656","1":"product","2":"type-product","3":"status-publish","4":"has-post-thumbnail","6":"product_cat-lasit","7":"product_cat-muut","9":"first","10":"instock","11":"shipping-taxable","12":"purchasable","13":"product-type-simple"},"_links":{"self":[{"href":"https:\/\/kronpriserna.fi\/fi\/wp-json\/wp\/v2\/product\/9656","targetHints":{"allow":["GET"]}}],"collection":[{"href":"https:\/\/kronpriserna.fi\/fi\/wp-json\/wp\/v2\/product"}],"about":[{"href":"https:\/\/kronpriserna.fi\/fi\/wp-json\/wp\/v2\/types\/product"}],"version-history":[{"count":1,"href":"https:\/\/kronpriserna.fi\/fi\/wp-json\/wp\/v2\/product\/9656\/revisions"}],"predecessor-version":[{"id":9663,"href":"https:\/\/kronpriserna.fi\/fi\/wp-json\/wp\/v2\/product\/9656\/revisions\/9663"}],"wp:featuredmedia":[{"embeddable":true,"href":"https:\/\/kronpriserna.fi\/fi\/wp-json\/wp\/v2\/media\/9659"}],"wp:attachment":[{"href":"https:\/\/kronpriserna.fi\/fi\/wp-json\/wp\/v2\/media?parent=9656"}],"wp:term":[{"taxonomy":"product_brand","embeddable":true,"href":"https:\/\/kronpriserna.fi\/fi\/wp-json\/wp\/v2\/product_brand?post=9656"},{"taxonomy":"product_cat","embeddable":true,"href":"https:\/\/kronpriserna.fi\/fi\/wp-json\/wp\/v2\/product_cat?post=9656"},{"taxonomy":"product_tag","embeddable":true,"href":"https:\/\/kronpriserna.fi\/fi\/wp-json\/wp\/v2\/product_tag?post=9656"}],"curies":[{"name":"wp","href":"https:\/\/api.w.org\/{rel}","templated":true}]}}